{"id":385,"date":"2020-08-04T20:58:08","date_gmt":"2020-08-04T20:58:08","guid":{"rendered":"https:\/\/almaro.ee\/?page_id=385"},"modified":"2020-08-04T20:58:08","modified_gmt":"2020-08-04T20:58:08","slug":"%d0%b1%d0%b0%d1%84","status":"publish","type":"page","link":"https:\/\/almaro.ee\/ru\/%d0%b1%d0%b0%d1%84\/","title":{"rendered":"\u0411\u0410\u0424"},"content":{"rendered":"<p><u><strong>Klaipeda-Kiel, DFDS<br \/>\n<\/strong><\/u>SECA &#8212; &nbsp; 0,0&nbsp; EUR\/m,&nbsp;&nbsp;&nbsp; <br \/>\n<u><strong><br \/>\n<\/strong><\/u><u><strong>Klaipeda-Karlshamn, DFDS<br \/>\n<\/strong><\/u>SECA &#8212;&nbsp;&nbsp; 0,0 EUR\/m,&nbsp;&nbsp;&nbsp; &nbsp; <\/p>\n<p><u><strong>Klaipeda-Fredericia\/Copenhagen, DFDS<br \/>\n<\/strong><\/u>SECA &#8212;&nbsp;&nbsp; 0,0 EUR\/m,&nbsp;&nbsp;&nbsp;&nbsp;&nbsp; <\/p>\n<p><u><strong> St.Peterburg\/Ust Luga-Kiel, DFDS<br \/>\n<\/strong><\/u>BAF &#8212; 9,27 EUR\/m,&nbsp;&nbsp;&nbsp;&nbsp;&nbsp;&nbsp; <br \/>\n<u><strong><br \/>\nLiepaja-Travem\u00fcnde, Stena Line<br \/>\n<\/strong><\/u>SECA &#8212;&nbsp;&nbsp; 0,0 EUR\/m,&nbsp;&nbsp;&nbsp; <br \/>\n<u><strong><br \/>\nVentspils-Nyn\u00e4shamn, Stena Line<br \/>\n<\/strong><\/u>SECA- &nbsp;&nbsp; 0,0 EUR\/m,&nbsp;&nbsp;&nbsp;&nbsp; <br \/>\n&nbsp;&nbsp; <br \/>\n<u><strong><br \/>\nPaldiski \/ Hanko-L\u00fcbeck, Transfennica<br \/>\n<\/strong><\/u>BAF &#8212;&nbsp;&nbsp; -18,7%,&nbsp;&nbsp;&nbsp;&nbsp;&nbsp;&nbsp;&nbsp; <br \/>\n<u><strong><br \/>\nHelsinki\/Turu-Travem\u00fcnde, Finnlines<br \/>\n<\/strong><\/u>Marpol- 0,0 EUR\/m<br \/>\nBAF &#8212; &nbsp; 0,0 EUR\/m, &nbsp;&nbsp;&nbsp; &nbsp;&nbsp;&nbsp;&nbsp;&nbsp; <br \/>\n<u><strong><br \/>\nHelsinki &#8212; Rostock, Finnlines<br \/>\n<\/strong><\/u>Marpol-&nbsp; 0,0 EUR\/m<br \/>\nBAF-&nbsp; 0,0 EUR\/m<\/p>\n<p><u><strong>Hanko- Rostock, Finnlines<br \/>\n<\/strong><\/u>Marpol-&nbsp; 0,0 EUR\/m<br \/>\nBAF- 0,0 EUR\/m<\/p>\n<p><u><strong> <\/strong><\/u><u><strong>Tallinn-Helsinki, Helsinki\/Turu\/Stockholm-Mariehamn, Tallink<br \/>\n<\/strong><\/u>BAF &#8212; 0,0 EUR\/m ,&nbsp;&nbsp;&nbsp; &nbsp; SECA &#8212; 0,00 EUR\/m<br \/>\n<u><strong><br \/>\nPaldiski-Kapellsk\u00e4r, Tallinn-Stockholm, Tallink<br \/>\n<\/strong><\/u>BAF &#8212; 0,0 EUR\/m, &nbsp;&nbsp;&nbsp; SECA (est-swe) &#8212; 0,00 EUR\/m &nbsp; &nbsp; SECA (lat-swe) &#8212; 0,00 EUR\/m <\/p>\n<p><u><strong>Riia- Stockholm, Tallink <br \/>\n<\/strong><\/u>BAF-&nbsp;&nbsp; 0,0 EUR\/m<\/p>\n<p><u><strong>Helsinki\/Turu-Stockholm\/Kapellsk\u00e4r, Tallink<br \/>\n<\/strong><\/u>BAF &#8212; &nbsp; 0,0&nbsp; EUR\/m,&nbsp;&nbsp; &nbsp; &nbsp; SECA&nbsp; 0,00 EUR\/m <\/p>\n<p><u><strong>Paldiski-Kapellsk\u00e4r, DFDS Seaways<br \/>\n<\/strong><\/u>SECA &#8212;&nbsp;&nbsp; 0,0 EUR\/m,&nbsp;&nbsp; <\/p>\n<p><u><strong>Kapellsk\u00e4r-Naantali, Finnlink<br \/>\n<\/strong><\/u>BAF &#8212; &nbsp; 1,88 EUR\/m<\/p>\n<p><u><strong>Malm\u00f6-Travem\u00fcnde, Nord\u00f6Link<br \/>\n<\/strong><\/u>SECA &#8212;&nbsp; 2,00 EUR\/m,&nbsp;&nbsp; <\/p>\n<p><u><strong>Paldiski-Hanko, DFDS<br \/>\n<\/strong><\/u>BAF &#8212;&nbsp;&nbsp; 0,00 EUR\/m,&nbsp;&nbsp;&nbsp;&nbsp;&nbsp;&nbsp;&nbsp;&nbsp;&nbsp;&nbsp;&nbsp; &nbsp;&nbsp;&nbsp;&nbsp; <br \/>\n<u><strong><br \/>\nG\u00f6teborg-Frederikshavn, Varberg-Grenaa, Fishguard-Rosslare, Holyhead-Dublin, Stanraer-Belfast; Stena Line<br \/>\n<\/strong><\/u>BAF &#8212; &nbsp; 0,0 EUR\/m,&nbsp;&nbsp; <br \/>\n<u><br \/>\nG<strong>\u00f6teborg-Kiel, G\u00f6teborg-Travem\u00fcnde, Karlskrona-Gdynia, Oslo-Frederikshavn; Stena Line<br \/>\n<\/strong><\/u>BAF &#8212; &nbsp; 0,0&nbsp; EUR\/m,&nbsp;&nbsp; <\/p>\n<p><u><strong>Rotterdam-Harwich, Hoek van Holland-Harwich, Hoek van Holland-Killingholme; Stena Line<br \/>\n<\/strong><\/u>BAF &#8212; &nbsp; 0,0 EUR\/m,&nbsp;&nbsp;&nbsp; <\/p>\n<p>\n<u><strong>Dover-Dunkerque, DFDS Seaways<br \/>\n<\/strong><\/u>BAF &#8212; &nbsp;&nbsp; 0,0 EUR\/\u00fchik<\/p>\n<p><u><strong>Calais-Dover, DFDS Seaways<br \/>\n<\/strong><\/u>BAF &#8212; &nbsp; &nbsp; 0,0 EUR\/\u00fchik<\/p>\n<p><strong><u>Tallinn &#8212; Helsingi, Vikingline<\/u><\/strong><br \/>\nSECA &#8212;&nbsp; 1,19&nbsp; EUR\/m,&nbsp;&nbsp;&nbsp;<\/p>\n<p><strong><u>Tallinn- Helsinki, Ecker\u00f6 Line<br \/>\n<\/u><\/strong>BAF- 0,0&nbsp; EUR\/m; <\/p>\n<p><u><strong>Muuga- Vuosaari, Ecker\u00f6 Line<\/strong><\/u><br \/>\nBAF-&nbsp; 0,0 EUR\/m<\/p>\n","protected":false},"excerpt":{"rendered":"<p>Klaipeda-Kiel, DFDS SECA &#8212; &nbsp; 0,0&nbsp; EUR\/m,&nbsp;&nbsp;&nbsp; Klaipeda-Karlshamn, DFDS SECA &#8212;&nbsp;&nbsp; 0,0 EUR\/m,&nbsp;&nbsp;&nbsp; &nbsp; Klaipeda-Fredericia\/Copenhagen, DFDS SECA &#8212;&nbsp;&nbsp; 0,0 EUR\/m,&nbsp;&nbsp;&nbsp;&nbsp;&nbsp; St.Peterburg\/Ust Luga-Kiel, DFDS BAF &#8212; 9,27 EUR\/m,&nbsp;&nbsp;&nbsp;&nbsp;&nbsp;&nbsp; Liepaja-Travem\u00fcnde, Stena Line SECA &#8212;&nbsp;&nbsp; 0,0 EUR\/m,&nbsp;&nbsp;&nbsp; Ventspils-Nyn\u00e4shamn, Stena Line SECA- &nbsp;&nbsp; 0,0 EUR\/m,&nbsp;&nbsp;&nbsp;&nbsp; &nbsp;&nbsp; Paldiski \/ Hanko-L\u00fcbeck, Transfennica BAF &#8212;&nbsp;&nbsp; -18,7%,&nbsp;&nbsp;&nbsp;&nbsp;&nbsp;&nbsp;&nbsp; Helsinki\/Turu-Travem\u00fcnde, Finnlines Marpol- 0,0 EUR\/m BAF [&hellip;]<\/p>\n","protected":false},"author":1,"featured_media":0,"parent":0,"menu_order":0,"comment_status":"closed","ping_status":"closed","template":"","meta":{"_acf_changed":false,"ngg_post_thumbnail":0,"footnotes":""},"class_list":["post-385","page","type-page","status-publish","hentry"],"acf":[],"yoast_head":"<!-- This site is optimized with the Yoast SEO plugin v27.1.1 - https:\/\/yoast.com\/product\/yoast-seo-wordpress\/ -->\n<title>\u0411\u0410\u0424 - Almaro<\/title>\n<meta name=\"robots\" content=\"index, follow, max-snippet:-1, max-image-preview:large, max-video-preview:-1\" \/>\n<link rel=\"canonical\" href=\"https:\/\/almaro.ee\/ru\/%d0%b1%d0%b0%d1%84\/\" \/>\n<meta property=\"og:locale\" content=\"ru_RU\" \/>\n<meta property=\"og:type\" content=\"article\" \/>\n<meta property=\"og:title\" content=\"\u0411\u0410\u0424 - Almaro\" \/>\n<meta property=\"og:description\" content=\"Klaipeda-Kiel, DFDS SECA &#8212; &nbsp; 0,0&nbsp; EUR\/m,&nbsp;&nbsp;&nbsp; Klaipeda-Karlshamn, DFDS SECA &#8212;&nbsp;&nbsp; 0,0 EUR\/m,&nbsp;&nbsp;&nbsp; &nbsp; Klaipeda-Fredericia\/Copenhagen, DFDS SECA &#8212;&nbsp;&nbsp; 0,0 EUR\/m,&nbsp;&nbsp;&nbsp;&nbsp;&nbsp; St.Peterburg\/Ust Luga-Kiel, DFDS BAF &#8212; 9,27 EUR\/m,&nbsp;&nbsp;&nbsp;&nbsp;&nbsp;&nbsp; Liepaja-Travem\u00fcnde, Stena Line SECA &#8212;&nbsp;&nbsp; 0,0 EUR\/m,&nbsp;&nbsp;&nbsp; Ventspils-Nyn\u00e4shamn, Stena Line SECA- &nbsp;&nbsp; 0,0 EUR\/m,&nbsp;&nbsp;&nbsp;&nbsp; &nbsp;&nbsp; Paldiski \/ Hanko-L\u00fcbeck, Transfennica BAF &#8212;&nbsp;&nbsp; -18,7%,&nbsp;&nbsp;&nbsp;&nbsp;&nbsp;&nbsp;&nbsp; Helsinki\/Turu-Travem\u00fcnde, Finnlines Marpol- 0,0 EUR\/m BAF [&hellip;]\" \/>\n<meta property=\"og:url\" content=\"https:\/\/almaro.ee\/ru\/%d0%b1%d0%b0%d1%84\/\" \/>\n<meta property=\"og:site_name\" content=\"Almaro\" \/>\n<meta name=\"twitter:card\" content=\"summary_large_image\" \/>\n<meta name=\"twitter:label1\" content=\"\u041f\u0440\u0438\u043c\u0435\u0440\u043d\u043e\u0435 \u0432\u0440\u0435\u043c\u044f \u0434\u043b\u044f \u0447\u0442\u0435\u043d\u0438\u044f\" \/>\n\t<meta name=\"twitter:data1\" content=\"2 \u043c\u0438\u043d\u0443\u0442\u044b\" \/>\n<script type=\"application\/ld+json\" class=\"yoast-schema-graph\">{\"@context\":\"https:\/\/schema.org\",\"@graph\":[{\"@type\":\"WebPage\",\"@id\":\"https:\/\/almaro.ee\/ru\/%d0%b1%d0%b0%d1%84\/\",\"url\":\"https:\/\/almaro.ee\/ru\/%d0%b1%d0%b0%d1%84\/\",\"name\":\"\u0411\u0410\u0424 - Almaro\",\"isPartOf\":{\"@id\":\"https:\/\/almaro.ee\/ru\/#website\"},\"datePublished\":\"2020-08-04T20:58:08+00:00\",\"breadcrumb\":{\"@id\":\"https:\/\/almaro.ee\/ru\/%d0%b1%d0%b0%d1%84\/#breadcrumb\"},\"inLanguage\":\"ru-RU\",\"potentialAction\":[{\"@type\":\"ReadAction\",\"target\":[\"https:\/\/almaro.ee\/ru\/%d0%b1%d0%b0%d1%84\/\"]}]},{\"@type\":\"BreadcrumbList\",\"@id\":\"https:\/\/almaro.ee\/ru\/%d0%b1%d0%b0%d1%84\/#breadcrumb\",\"itemListElement\":[{\"@type\":\"ListItem\",\"position\":1,\"name\":\"Home\",\"item\":\"https:\/\/almaro.ee\/ru\/\"},{\"@type\":\"ListItem\",\"position\":2,\"name\":\"\u0411\u0410\u0424\"}]},{\"@type\":\"WebSite\",\"@id\":\"https:\/\/almaro.ee\/ru\/#website\",\"url\":\"https:\/\/almaro.ee\/ru\/\",\"name\":\"Almaro\",\"description\":\"Laevapiletid veokitele ja treileritele\",\"potentialAction\":[{\"@type\":\"SearchAction\",\"target\":{\"@type\":\"EntryPoint\",\"urlTemplate\":\"https:\/\/almaro.ee\/ru\/?s={search_term_string}\"},\"query-input\":{\"@type\":\"PropertyValueSpecification\",\"valueRequired\":true,\"valueName\":\"search_term_string\"}}],\"inLanguage\":\"ru-RU\"}]}<\/script>\n<!-- \/ Yoast SEO plugin. -->","yoast_head_json":{"title":"\u0411\u0410\u0424 - Almaro","robots":{"index":"index","follow":"follow","max-snippet":"max-snippet:-1","max-image-preview":"max-image-preview:large","max-video-preview":"max-video-preview:-1"},"canonical":"https:\/\/almaro.ee\/ru\/%d0%b1%d0%b0%d1%84\/","og_locale":"ru_RU","og_type":"article","og_title":"\u0411\u0410\u0424 - Almaro","og_description":"Klaipeda-Kiel, DFDS SECA &#8212; &nbsp; 0,0&nbsp; EUR\/m,&nbsp;&nbsp;&nbsp; Klaipeda-Karlshamn, DFDS SECA &#8212;&nbsp;&nbsp; 0,0 EUR\/m,&nbsp;&nbsp;&nbsp; &nbsp; Klaipeda-Fredericia\/Copenhagen, DFDS SECA &#8212;&nbsp;&nbsp; 0,0 EUR\/m,&nbsp;&nbsp;&nbsp;&nbsp;&nbsp; St.Peterburg\/Ust Luga-Kiel, DFDS BAF &#8212; 9,27 EUR\/m,&nbsp;&nbsp;&nbsp;&nbsp;&nbsp;&nbsp; Liepaja-Travem\u00fcnde, Stena Line SECA &#8212;&nbsp;&nbsp; 0,0 EUR\/m,&nbsp;&nbsp;&nbsp; Ventspils-Nyn\u00e4shamn, Stena Line SECA- &nbsp;&nbsp; 0,0 EUR\/m,&nbsp;&nbsp;&nbsp;&nbsp; &nbsp;&nbsp; Paldiski \/ Hanko-L\u00fcbeck, Transfennica BAF &#8212;&nbsp;&nbsp; -18,7%,&nbsp;&nbsp;&nbsp;&nbsp;&nbsp;&nbsp;&nbsp; Helsinki\/Turu-Travem\u00fcnde, Finnlines Marpol- 0,0 EUR\/m BAF [&hellip;]","og_url":"https:\/\/almaro.ee\/ru\/%d0%b1%d0%b0%d1%84\/","og_site_name":"Almaro","twitter_card":"summary_large_image","twitter_misc":{"\u041f\u0440\u0438\u043c\u0435\u0440\u043d\u043e\u0435 \u0432\u0440\u0435\u043c\u044f \u0434\u043b\u044f \u0447\u0442\u0435\u043d\u0438\u044f":"2 \u043c\u0438\u043d\u0443\u0442\u044b"},"schema":{"@context":"https:\/\/schema.org","@graph":[{"@type":"WebPage","@id":"https:\/\/almaro.ee\/ru\/%d0%b1%d0%b0%d1%84\/","url":"https:\/\/almaro.ee\/ru\/%d0%b1%d0%b0%d1%84\/","name":"\u0411\u0410\u0424 - Almaro","isPartOf":{"@id":"https:\/\/almaro.ee\/ru\/#website"},"datePublished":"2020-08-04T20:58:08+00:00","breadcrumb":{"@id":"https:\/\/almaro.ee\/ru\/%d0%b1%d0%b0%d1%84\/#breadcrumb"},"inLanguage":"ru-RU","potentialAction":[{"@type":"ReadAction","target":["https:\/\/almaro.ee\/ru\/%d0%b1%d0%b0%d1%84\/"]}]},{"@type":"BreadcrumbList","@id":"https:\/\/almaro.ee\/ru\/%d0%b1%d0%b0%d1%84\/#breadcrumb","itemListElement":[{"@type":"ListItem","position":1,"name":"Home","item":"https:\/\/almaro.ee\/ru\/"},{"@type":"ListItem","position":2,"name":"\u0411\u0410\u0424"}]},{"@type":"WebSite","@id":"https:\/\/almaro.ee\/ru\/#website","url":"https:\/\/almaro.ee\/ru\/","name":"Almaro","description":"Laevapiletid veokitele ja treileritele","potentialAction":[{"@type":"SearchAction","target":{"@type":"EntryPoint","urlTemplate":"https:\/\/almaro.ee\/ru\/?s={search_term_string}"},"query-input":{"@type":"PropertyValueSpecification","valueRequired":true,"valueName":"search_term_string"}}],"inLanguage":"ru-RU"}]}},"_links":{"self":[{"href":"https:\/\/almaro.ee\/ru\/wp-json\/wp\/v2\/pages\/385","targetHints":{"allow":["GET"]}}],"collection":[{"href":"https:\/\/almaro.ee\/ru\/wp-json\/wp\/v2\/pages"}],"about":[{"href":"https:\/\/almaro.ee\/ru\/wp-json\/wp\/v2\/types\/page"}],"author":[{"embeddable":true,"href":"https:\/\/almaro.ee\/ru\/wp-json\/wp\/v2\/users\/1"}],"replies":[{"embeddable":true,"href":"https:\/\/almaro.ee\/ru\/wp-json\/wp\/v2\/comments?post=385"}],"version-history":[{"count":1,"href":"https:\/\/almaro.ee\/ru\/wp-json\/wp\/v2\/pages\/385\/revisions"}],"predecessor-version":[{"id":386,"href":"https:\/\/almaro.ee\/ru\/wp-json\/wp\/v2\/pages\/385\/revisions\/386"}],"wp:attachment":[{"href":"https:\/\/almaro.ee\/ru\/wp-json\/wp\/v2\/media?parent=385"}],"curies":[{"name":"wp","href":"https:\/\/api.w.org\/{rel}","templated":true}]}}