{"id":383,"date":"2020-08-04T20:57:12","date_gmt":"2020-08-04T20:57:12","guid":{"rendered":"https:\/\/almaro.ee\/?page_id=383"},"modified":"2020-08-04T20:57:12","modified_gmt":"2020-08-04T20:57:12","slug":"baf","status":"publish","type":"page","link":"https:\/\/almaro.ee\/en\/baf\/","title":{"rendered":"BAF"},"content":{"rendered":"<p><u><strong>Klaipeda-Kiel, DFDS<br \/>\n<\/strong><\/u>SECA &#8211; &nbsp; 0,0&nbsp; EUR\/m,&nbsp;&nbsp;&nbsp;<br \/>\n<u><strong><br \/>\n<\/strong><\/u><u><strong>Klaipeda-Karlshamn, DFDS<br \/>\n<\/strong><\/u>SECA &#8211;&nbsp;&nbsp; 0,0 EUR\/m,&nbsp;&nbsp;&nbsp; &nbsp;<\/p>\n<p><u><strong>Klaipeda-Fredericia\/Copenhagen, DFDS<br \/>\n<\/strong><\/u>SECA &#8211;&nbsp;&nbsp; 0,0 EUR\/m,&nbsp;&nbsp;&nbsp;&nbsp;&nbsp;<\/p>\n<p><u><strong> St.Peterburg\/Ust Luga-Kiel, DFDS<br \/>\n<\/strong><\/u>BAF &#8211; 9,27 EUR\/m,&nbsp;&nbsp;&nbsp;&nbsp;&nbsp;&nbsp;<br \/>\n<u><strong><br \/>\nLiepaja-Travem\u00fcnde, Stena Line<br \/>\n<\/strong><\/u>SECA &#8211;&nbsp;&nbsp; 0,0 EUR\/m,&nbsp;&nbsp;&nbsp;<br \/>\n<u><strong><br \/>\nVentspils-Nyn\u00e4shamn, Stena Line<br \/>\n<\/strong><\/u>SECA- &nbsp;&nbsp; 0,0 EUR\/m,&nbsp;&nbsp;&nbsp;&nbsp;<br \/>\n&nbsp;&nbsp;<br \/>\n<u><strong><br \/>\nPaldiski \/ Hanko-L\u00fcbeck, Transfennica<br \/>\n<\/strong><\/u>BAF &#8211;&nbsp;&nbsp; -18,7%,&nbsp;&nbsp;&nbsp;&nbsp;&nbsp;&nbsp;&nbsp;<br \/>\n<u><strong><br \/>\nHelsinki\/Turu-Travem\u00fcnde, Finnlines<br \/>\n<\/strong><\/u>Marpol- 0,0 EUR\/m<br \/>\nBAF &#8211; &nbsp; 0,0 EUR\/m, &nbsp;&nbsp;&nbsp; &nbsp;&nbsp;&nbsp;&nbsp;&nbsp;<br \/>\n<u><strong><br \/>\nHelsinki &#8211; Rostock, Finnlines<br \/>\n<\/strong><\/u>Marpol-&nbsp; 0,0 EUR\/m<br \/>\nBAF-&nbsp; 0,0 EUR\/m<\/p>\n<p><u><strong>Hanko- Rostock, Finnlines<br \/>\n<\/strong><\/u>Marpol-&nbsp; 0,0 EUR\/m<br \/>\nBAF- 0,0 EUR\/m<\/p>\n<p><u> <\/u><u><strong>Tallinn-Helsinki, Helsinki\/Turu\/Stockholm-Mariehamn, Tallink<br \/>\n<\/strong><\/u>BAF &#8211; 0,0 EUR\/m ,&nbsp;&nbsp;&nbsp; &nbsp; SECA &#8211; 0,00 EUR\/m<br \/>\n<u><strong><br \/>\nPaldiski-Kapellsk\u00e4r, Tallinn-Stockholm, Tallink<br \/>\n<\/strong><\/u>BAF &#8211; 0,0 EUR\/m, &nbsp;&nbsp;&nbsp; SECA (est-swe) &#8211; 0,00 EUR\/m &nbsp; &nbsp; SECA (lat-swe) &#8211; 0,00 EUR\/m<\/p>\n<p><u><strong>Riia- Stockholm, Tallink<br \/>\n<\/strong><\/u>BAF-&nbsp;&nbsp; 0,0 EUR\/m<\/p>\n<p><u><strong>Helsinki\/Turu-Stockholm\/Kapellsk\u00e4r, Tallink<br \/>\n<\/strong><\/u>BAF &#8211; &nbsp; 0,0&nbsp; EUR\/m,&nbsp;&nbsp; &nbsp; &nbsp; SECA&nbsp; 0,00 EUR\/m<\/p>\n<p><u><strong>Paldiski-Kapellsk\u00e4r, DFDS Seaways<br \/>\n<\/strong><\/u>SECA &#8211;&nbsp;&nbsp; 0,0 EUR\/m,&nbsp;&nbsp;<\/p>\n<p><u><strong>Kapellsk\u00e4r-Naantali, Finnlink<br \/>\n<\/strong><\/u>BAF &#8211; &nbsp; 1,88 EUR\/m<\/p>\n<p><u><strong>Malm\u00f6-Travem\u00fcnde, Nord\u00f6Link<br \/>\n<\/strong><\/u>SECA &#8211;&nbsp; 2,00 EUR\/m,&nbsp;&nbsp;<\/p>\n<p><u><strong>Paldiski-Hanko, DFDS<br \/>\n<\/strong><\/u>BAF &#8211;&nbsp;&nbsp; 0,00 EUR\/m,&nbsp;&nbsp;&nbsp;&nbsp;&nbsp;&nbsp;&nbsp;&nbsp;&nbsp;&nbsp;&nbsp; &nbsp;&nbsp;&nbsp;&nbsp;<br \/>\n<u><strong><br \/>\nG\u00f6teborg-Frederikshavn, Varberg-Grenaa, Fishguard-Rosslare, Holyhead-Dublin, Stanraer-Belfast; Stena Line<br \/>\n<\/strong><\/u>BAF &#8211; &nbsp; 0,0 EUR\/m,&nbsp;&nbsp;<br \/>\n<u><br \/>\nG<strong>\u00f6teborg-Kiel, G\u00f6teborg-Travem\u00fcnde, Karlskrona-Gdynia, Oslo-Frederikshavn; Stena Line<br \/>\n<\/strong><\/u>BAF &#8211; &nbsp; 0,0&nbsp; EUR\/m,&nbsp;&nbsp;<\/p>\n<p><u><strong>Rotterdam-Harwich, Hoek van Holland-Harwich, Hoek van Holland-Killingholme; Stena Line<br \/>\n<\/strong><\/u>BAF &#8211; &nbsp; 0,0 EUR\/m,&nbsp;&nbsp;&nbsp;<\/p>\n<p><u><strong>Dover-Dunkerque, DFDS Seaways<br \/>\n<\/strong><\/u>BAF &#8211; &nbsp;&nbsp; 0,0 EUR\/\u00fchik<\/p>\n<p><u><strong>Calais-Dover, DFDS Seaways<br \/>\n<\/strong><\/u>BAF &#8211; &nbsp; &nbsp; 0,0 EUR\/\u00fchik<\/p>\n<p><strong><u>Tallinn &#8211; Helsingi, Vikingline<\/u><\/strong><br \/>\nSECA &#8211;&nbsp; 1,19&nbsp; EUR\/m,&nbsp;&nbsp;&nbsp;<\/p>\n<p><strong><u>Tallinn- Helsinki, Ecker\u00f6 Line<br \/>\n<\/u><\/strong>BAF- 0,0&nbsp; EUR\/m;<\/p>\n<p><u><strong>Muuga- Vuosaari, Ecker\u00f6 Line<\/strong><\/u><br \/>\nBAF-&nbsp; 0,0 EUR\/m<\/p>\n","protected":false},"excerpt":{"rendered":"<p>Klaipeda-Kiel, DFDS SECA &#8211; &nbsp; 0,0&nbsp; EUR\/m,&nbsp;&nbsp;&nbsp; Klaipeda-Karlshamn, DFDS SECA &#8211;&nbsp;&nbsp; 0,0 EUR\/m,&nbsp;&nbsp;&nbsp; &nbsp; Klaipeda-Fredericia\/Copenhagen, DFDS SECA &#8211;&nbsp;&nbsp; 0,0 EUR\/m,&nbsp;&nbsp;&nbsp;&nbsp;&nbsp; St.Peterburg\/Ust Luga-Kiel, DFDS BAF &#8211; 9,27 EUR\/m,&nbsp;&nbsp;&nbsp;&nbsp;&nbsp;&nbsp; Liepaja-Travem\u00fcnde, Stena Line SECA &#8211;&nbsp;&nbsp; 0,0 EUR\/m,&nbsp;&nbsp;&nbsp; Ventspils-Nyn\u00e4shamn, Stena Line SECA- &nbsp;&nbsp; 0,0 EUR\/m,&nbsp;&nbsp;&nbsp;&nbsp; &nbsp;&nbsp; Paldiski \/ Hanko-L\u00fcbeck, Transfennica BAF &#8211;&nbsp;&nbsp; -18,7%,&nbsp;&nbsp;&nbsp;&nbsp;&nbsp;&nbsp;&nbsp; Helsinki\/Turu-Travem\u00fcnde, Finnlines Marpol- 0,0 EUR\/m BAF [&hellip;]<\/p>\n","protected":false},"author":1,"featured_media":0,"parent":0,"menu_order":0,"comment_status":"closed","ping_status":"closed","template":"","meta":{"_acf_changed":false,"ngg_post_thumbnail":0,"footnotes":""},"class_list":["post-383","page","type-page","status-publish","hentry"],"acf":[],"yoast_head":"<!-- This site is optimized with the Yoast SEO plugin v27.1.1 - https:\/\/yoast.com\/product\/yoast-seo-wordpress\/ -->\n<title>BAF - Almaro<\/title>\n<meta name=\"robots\" content=\"index, follow, max-snippet:-1, max-image-preview:large, max-video-preview:-1\" \/>\n<link rel=\"canonical\" href=\"https:\/\/almaro.ee\/en\/baf\/\" \/>\n<meta property=\"og:locale\" content=\"en_US\" \/>\n<meta property=\"og:type\" content=\"article\" \/>\n<meta property=\"og:title\" content=\"BAF - Almaro\" \/>\n<meta property=\"og:description\" content=\"Klaipeda-Kiel, DFDS SECA &#8211; &nbsp; 0,0&nbsp; EUR\/m,&nbsp;&nbsp;&nbsp; Klaipeda-Karlshamn, DFDS SECA &#8211;&nbsp;&nbsp; 0,0 EUR\/m,&nbsp;&nbsp;&nbsp; &nbsp; Klaipeda-Fredericia\/Copenhagen, DFDS SECA &#8211;&nbsp;&nbsp; 0,0 EUR\/m,&nbsp;&nbsp;&nbsp;&nbsp;&nbsp; St.Peterburg\/Ust Luga-Kiel, DFDS BAF &#8211; 9,27 EUR\/m,&nbsp;&nbsp;&nbsp;&nbsp;&nbsp;&nbsp; Liepaja-Travem\u00fcnde, Stena Line SECA &#8211;&nbsp;&nbsp; 0,0 EUR\/m,&nbsp;&nbsp;&nbsp; Ventspils-Nyn\u00e4shamn, Stena Line SECA- &nbsp;&nbsp; 0,0 EUR\/m,&nbsp;&nbsp;&nbsp;&nbsp; &nbsp;&nbsp; Paldiski \/ Hanko-L\u00fcbeck, Transfennica BAF &#8211;&nbsp;&nbsp; -18,7%,&nbsp;&nbsp;&nbsp;&nbsp;&nbsp;&nbsp;&nbsp; Helsinki\/Turu-Travem\u00fcnde, Finnlines Marpol- 0,0 EUR\/m BAF [&hellip;]\" \/>\n<meta property=\"og:url\" content=\"https:\/\/almaro.ee\/en\/baf\/\" \/>\n<meta property=\"og:site_name\" content=\"Almaro\" \/>\n<meta name=\"twitter:card\" content=\"summary_large_image\" \/>\n<meta name=\"twitter:label1\" content=\"Est. reading time\" \/>\n\t<meta name=\"twitter:data1\" content=\"2 minutes\" \/>\n<script type=\"application\/ld+json\" class=\"yoast-schema-graph\">{\"@context\":\"https:\/\/schema.org\",\"@graph\":[{\"@type\":\"WebPage\",\"@id\":\"https:\/\/almaro.ee\/en\/baf\/\",\"url\":\"https:\/\/almaro.ee\/en\/baf\/\",\"name\":\"BAF - Almaro\",\"isPartOf\":{\"@id\":\"https:\/\/almaro.ee\/en\/#website\"},\"datePublished\":\"2020-08-04T20:57:12+00:00\",\"breadcrumb\":{\"@id\":\"https:\/\/almaro.ee\/en\/baf\/#breadcrumb\"},\"inLanguage\":\"en-US\",\"potentialAction\":[{\"@type\":\"ReadAction\",\"target\":[\"https:\/\/almaro.ee\/en\/baf\/\"]}]},{\"@type\":\"BreadcrumbList\",\"@id\":\"https:\/\/almaro.ee\/en\/baf\/#breadcrumb\",\"itemListElement\":[{\"@type\":\"ListItem\",\"position\":1,\"name\":\"Home\",\"item\":\"https:\/\/almaro.ee\/en\/\"},{\"@type\":\"ListItem\",\"position\":2,\"name\":\"BAF\"}]},{\"@type\":\"WebSite\",\"@id\":\"https:\/\/almaro.ee\/en\/#website\",\"url\":\"https:\/\/almaro.ee\/en\/\",\"name\":\"Almaro\",\"description\":\"Laevapiletid veokitele ja treileritele\",\"potentialAction\":[{\"@type\":\"SearchAction\",\"target\":{\"@type\":\"EntryPoint\",\"urlTemplate\":\"https:\/\/almaro.ee\/en\/?s={search_term_string}\"},\"query-input\":{\"@type\":\"PropertyValueSpecification\",\"valueRequired\":true,\"valueName\":\"search_term_string\"}}],\"inLanguage\":\"en-US\"}]}<\/script>\n<!-- \/ Yoast SEO plugin. -->","yoast_head_json":{"title":"BAF - Almaro","robots":{"index":"index","follow":"follow","max-snippet":"max-snippet:-1","max-image-preview":"max-image-preview:large","max-video-preview":"max-video-preview:-1"},"canonical":"https:\/\/almaro.ee\/en\/baf\/","og_locale":"en_US","og_type":"article","og_title":"BAF - Almaro","og_description":"Klaipeda-Kiel, DFDS SECA &#8211; &nbsp; 0,0&nbsp; EUR\/m,&nbsp;&nbsp;&nbsp; Klaipeda-Karlshamn, DFDS SECA &#8211;&nbsp;&nbsp; 0,0 EUR\/m,&nbsp;&nbsp;&nbsp; &nbsp; Klaipeda-Fredericia\/Copenhagen, DFDS SECA &#8211;&nbsp;&nbsp; 0,0 EUR\/m,&nbsp;&nbsp;&nbsp;&nbsp;&nbsp; St.Peterburg\/Ust Luga-Kiel, DFDS BAF &#8211; 9,27 EUR\/m,&nbsp;&nbsp;&nbsp;&nbsp;&nbsp;&nbsp; Liepaja-Travem\u00fcnde, Stena Line SECA &#8211;&nbsp;&nbsp; 0,0 EUR\/m,&nbsp;&nbsp;&nbsp; Ventspils-Nyn\u00e4shamn, Stena Line SECA- &nbsp;&nbsp; 0,0 EUR\/m,&nbsp;&nbsp;&nbsp;&nbsp; &nbsp;&nbsp; Paldiski \/ Hanko-L\u00fcbeck, Transfennica BAF &#8211;&nbsp;&nbsp; -18,7%,&nbsp;&nbsp;&nbsp;&nbsp;&nbsp;&nbsp;&nbsp; Helsinki\/Turu-Travem\u00fcnde, Finnlines Marpol- 0,0 EUR\/m BAF [&hellip;]","og_url":"https:\/\/almaro.ee\/en\/baf\/","og_site_name":"Almaro","twitter_card":"summary_large_image","twitter_misc":{"Est. reading time":"2 minutes"},"schema":{"@context":"https:\/\/schema.org","@graph":[{"@type":"WebPage","@id":"https:\/\/almaro.ee\/en\/baf\/","url":"https:\/\/almaro.ee\/en\/baf\/","name":"BAF - Almaro","isPartOf":{"@id":"https:\/\/almaro.ee\/en\/#website"},"datePublished":"2020-08-04T20:57:12+00:00","breadcrumb":{"@id":"https:\/\/almaro.ee\/en\/baf\/#breadcrumb"},"inLanguage":"en-US","potentialAction":[{"@type":"ReadAction","target":["https:\/\/almaro.ee\/en\/baf\/"]}]},{"@type":"BreadcrumbList","@id":"https:\/\/almaro.ee\/en\/baf\/#breadcrumb","itemListElement":[{"@type":"ListItem","position":1,"name":"Home","item":"https:\/\/almaro.ee\/en\/"},{"@type":"ListItem","position":2,"name":"BAF"}]},{"@type":"WebSite","@id":"https:\/\/almaro.ee\/en\/#website","url":"https:\/\/almaro.ee\/en\/","name":"Almaro","description":"Laevapiletid veokitele ja treileritele","potentialAction":[{"@type":"SearchAction","target":{"@type":"EntryPoint","urlTemplate":"https:\/\/almaro.ee\/en\/?s={search_term_string}"},"query-input":{"@type":"PropertyValueSpecification","valueRequired":true,"valueName":"search_term_string"}}],"inLanguage":"en-US"}]}},"_links":{"self":[{"href":"https:\/\/almaro.ee\/en\/wp-json\/wp\/v2\/pages\/383","targetHints":{"allow":["GET"]}}],"collection":[{"href":"https:\/\/almaro.ee\/en\/wp-json\/wp\/v2\/pages"}],"about":[{"href":"https:\/\/almaro.ee\/en\/wp-json\/wp\/v2\/types\/page"}],"author":[{"embeddable":true,"href":"https:\/\/almaro.ee\/en\/wp-json\/wp\/v2\/users\/1"}],"replies":[{"embeddable":true,"href":"https:\/\/almaro.ee\/en\/wp-json\/wp\/v2\/comments?post=383"}],"version-history":[{"count":1,"href":"https:\/\/almaro.ee\/en\/wp-json\/wp\/v2\/pages\/383\/revisions"}],"predecessor-version":[{"id":384,"href":"https:\/\/almaro.ee\/en\/wp-json\/wp\/v2\/pages\/383\/revisions\/384"}],"wp:attachment":[{"href":"https:\/\/almaro.ee\/en\/wp-json\/wp\/v2\/media?parent=383"}],"curies":[{"name":"wp","href":"https:\/\/api.w.org\/{rel}","templated":true}]}}